{"id":15987,"date":"2022-10-11T16:48:51","date_gmt":"2022-10-11T16:48:51","guid":{"rendered":"https:\/\/moellhagen.rp-web.de\/room-grid-style-1-copy\/"},"modified":"2023-03-24T16:26:04","modified_gmt":"2023-03-24T16:26:04","slug":"landhotel","status":"publish","type":"page","link":"https:\/\/moellhagen.de\/da\/landhotel\/","title":{"rendered":"Country Hotel"},"content":{"rendered":"","protected":false},"excerpt":{"rendered":"","protected":false},"author":1,"featured_media":15933,"parent":0,"menu_order":0,"comment_status":"closed","ping_status":"closed","template":"","meta":{"inline_featured_image":false,"footnotes":""},"class_list":["post-15987","page","type-page","status-publish","has-post-thumbnail","hentry"],"yoast_head":"<!-- This site is optimized with the Yoast SEO plugin v27.3 - https:\/\/yoast.com\/product\/yoast-seo-wordpress\/ -->\n<title>Landhotel - Genie\u00dfen, Bewegen, Entspannen! - Landhotel M\u00f6llhagen<\/title>\n<meta name=\"robots\" content=\"index, follow, max-snippet:-1, max-image-preview:large, max-video-preview:-1\" \/>\n<link rel=\"canonical\" href=\"https:\/\/moellhagen.de\/da\/landhotel\/\" \/>\n<meta property=\"og:locale\" content=\"da_DK\" \/>\n<meta property=\"og:type\" content=\"article\" \/>\n<meta property=\"og:title\" content=\"Landhotel - Genie\u00dfen, Bewegen, Entspannen! - Landhotel M\u00f6llhagen\" \/>\n<meta property=\"og:url\" content=\"https:\/\/moellhagen.de\/da\/landhotel\/\" \/>\n<meta property=\"og:site_name\" content=\"Genie\u00dfen, Bewegen, Entspannen! - Landhotel M\u00f6llhagen\" \/>\n<meta property=\"article:modified_time\" content=\"2023-03-24T16:26:04+00:00\" \/>\n<meta property=\"og:image\" content=\"https:\/\/moellhagen.de\/wp-content\/uploads\/2022\/10\/header-ueber-uns.webp\" \/>\n\t<meta property=\"og:image:width\" content=\"1920\" \/>\n\t<meta property=\"og:image:height\" content=\"600\" \/>\n\t<meta property=\"og:image:type\" content=\"image\/webp\" \/>\n<meta name=\"twitter:card\" content=\"summary_large_image\" \/>\n<script type=\"application\/ld+json\" class=\"yoast-schema-graph\">{\"@context\":\"https:\\\/\\\/schema.org\",\"@graph\":[{\"@type\":\"WebPage\",\"@id\":\"https:\\\/\\\/moellhagen.de\\\/landhotel\\\/\",\"url\":\"https:\\\/\\\/moellhagen.de\\\/landhotel\\\/\",\"name\":\"Landhotel - Genie\u00dfen, Bewegen, Entspannen! - Landhotel M\u00f6llhagen\",\"isPartOf\":{\"@id\":\"https:\\\/\\\/moellhagen.de\\\/en\\\/#website\"},\"primaryImageOfPage\":{\"@id\":\"https:\\\/\\\/moellhagen.de\\\/landhotel\\\/#primaryimage\"},\"image\":{\"@id\":\"https:\\\/\\\/moellhagen.de\\\/landhotel\\\/#primaryimage\"},\"thumbnailUrl\":\"https:\\\/\\\/moellhagen.de\\\/wp-content\\\/uploads\\\/2022\\\/10\\\/header-ueber-uns.webp\",\"datePublished\":\"2022-10-11T16:48:51+00:00\",\"dateModified\":\"2023-03-24T16:26:04+00:00\",\"breadcrumb\":{\"@id\":\"https:\\\/\\\/moellhagen.de\\\/landhotel\\\/#breadcrumb\"},\"inLanguage\":\"da-DK\",\"potentialAction\":[{\"@type\":\"ReadAction\",\"target\":[\"https:\\\/\\\/moellhagen.de\\\/landhotel\\\/\"]}]},{\"@type\":\"ImageObject\",\"inLanguage\":\"da-DK\",\"@id\":\"https:\\\/\\\/moellhagen.de\\\/landhotel\\\/#primaryimage\",\"url\":\"https:\\\/\\\/moellhagen.de\\\/wp-content\\\/uploads\\\/2022\\\/10\\\/header-ueber-uns.webp\",\"contentUrl\":\"https:\\\/\\\/moellhagen.de\\\/wp-content\\\/uploads\\\/2022\\\/10\\\/header-ueber-uns.webp\",\"width\":1920,\"height\":600},{\"@type\":\"BreadcrumbList\",\"@id\":\"https:\\\/\\\/moellhagen.de\\\/landhotel\\\/#breadcrumb\",\"itemListElement\":[{\"@type\":\"ListItem\",\"position\":1,\"name\":\"Startseite\",\"item\":\"https:\\\/\\\/moellhagen.de\\\/\"},{\"@type\":\"ListItem\",\"position\":2,\"name\":\"Landhotel\"}]},{\"@type\":\"WebSite\",\"@id\":\"https:\\\/\\\/moellhagen.de\\\/en\\\/#website\",\"url\":\"https:\\\/\\\/moellhagen.de\\\/en\\\/\",\"name\":\"Genie\u00dfen, Bewegen, Entspannen! - Landhotel M\u00f6llhagen\",\"description\":\"Landhotel M\u00f6llhagen\",\"publisher\":{\"@id\":\"https:\\\/\\\/moellhagen.de\\\/en\\\/#organization\"},\"potentialAction\":[{\"@type\":\"SearchAction\",\"target\":{\"@type\":\"EntryPoint\",\"urlTemplate\":\"https:\\\/\\\/moellhagen.de\\\/en\\\/?s={search_term_string}\"},\"query-input\":{\"@type\":\"PropertyValueSpecification\",\"valueRequired\":true,\"valueName\":\"search_term_string\"}}],\"inLanguage\":\"da-DK\"},{\"@type\":\"Organization\",\"@id\":\"https:\\\/\\\/moellhagen.de\\\/en\\\/#organization\",\"name\":\"Genie\u00dfen, Bewegen, Entspannen! - Landhotel M\u00f6llhagen\",\"url\":\"https:\\\/\\\/moellhagen.de\\\/en\\\/\",\"logo\":{\"@type\":\"ImageObject\",\"inLanguage\":\"da-DK\",\"@id\":\"https:\\\/\\\/moellhagen.de\\\/en\\\/#\\\/schema\\\/logo\\\/image\\\/\",\"url\":\"https:\\\/\\\/moellhagen.de\\\/wp-content\\\/uploads\\\/2023\\\/04\\\/cropped-favicon.png\",\"contentUrl\":\"https:\\\/\\\/moellhagen.de\\\/wp-content\\\/uploads\\\/2023\\\/04\\\/cropped-favicon.png\",\"width\":512,\"height\":512,\"caption\":\"Genie\u00dfen, Bewegen, Entspannen! - Landhotel M\u00f6llhagen\"},\"image\":{\"@id\":\"https:\\\/\\\/moellhagen.de\\\/en\\\/#\\\/schema\\\/logo\\\/image\\\/\"}}]}<\/script>\n<!-- \/ Yoast SEO plugin. -->","yoast_head_json":{"title":"Landhotel - Nyd, bev\u00e6g dig, slap af! - Landhotel M\u00f6llhagen","robots":{"index":"index","follow":"follow","max-snippet":"max-snippet:-1","max-image-preview":"max-image-preview:large","max-video-preview":"max-video-preview:-1"},"canonical":"https:\/\/moellhagen.de\/da\/landhotel\/","og_locale":"da_DK","og_type":"article","og_title":"Landhotel - Genie\u00dfen, Bewegen, Entspannen! - Landhotel M\u00f6llhagen","og_url":"https:\/\/moellhagen.de\/da\/landhotel\/","og_site_name":"Genie\u00dfen, Bewegen, Entspannen! - Landhotel M\u00f6llhagen","article_modified_time":"2023-03-24T16:26:04+00:00","og_image":[{"width":1920,"height":600,"url":"https:\/\/moellhagen.de\/wp-content\/uploads\/2022\/10\/header-ueber-uns.webp","type":"image\/webp"}],"twitter_card":"summary_large_image","schema":{"@context":"https:\/\/schema.org","@graph":[{"@type":"WebPage","@id":"https:\/\/moellhagen.de\/landhotel\/","url":"https:\/\/moellhagen.de\/landhotel\/","name":"Landhotel - Nyd, bev\u00e6g dig, slap af! - Landhotel M\u00f6llhagen","isPartOf":{"@id":"https:\/\/moellhagen.de\/en\/#website"},"primaryImageOfPage":{"@id":"https:\/\/moellhagen.de\/landhotel\/#primaryimage"},"image":{"@id":"https:\/\/moellhagen.de\/landhotel\/#primaryimage"},"thumbnailUrl":"https:\/\/moellhagen.de\/wp-content\/uploads\/2022\/10\/header-ueber-uns.webp","datePublished":"2022-10-11T16:48:51+00:00","dateModified":"2023-03-24T16:26:04+00:00","breadcrumb":{"@id":"https:\/\/moellhagen.de\/landhotel\/#breadcrumb"},"inLanguage":"da-DK","potentialAction":[{"@type":"ReadAction","target":["https:\/\/moellhagen.de\/landhotel\/"]}]},{"@type":"ImageObject","inLanguage":"da-DK","@id":"https:\/\/moellhagen.de\/landhotel\/#primaryimage","url":"https:\/\/moellhagen.de\/wp-content\/uploads\/2022\/10\/header-ueber-uns.webp","contentUrl":"https:\/\/moellhagen.de\/wp-content\/uploads\/2022\/10\/header-ueber-uns.webp","width":1920,"height":600},{"@type":"BreadcrumbList","@id":"https:\/\/moellhagen.de\/landhotel\/#breadcrumb","itemListElement":[{"@type":"ListItem","position":1,"name":"Startseite","item":"https:\/\/moellhagen.de\/"},{"@type":"ListItem","position":2,"name":"Landhotel"}]},{"@type":"WebSite","@id":"https:\/\/moellhagen.de\/en\/#website","url":"https:\/\/moellhagen.de\/en\/","name":"Nyd, bev\u00e6g dig, slap af! - Landhotel M\u00f6llhagen","description":"Country Hotel M\u00f6llhagen","publisher":{"@id":"https:\/\/moellhagen.de\/en\/#organization"},"potentialAction":[{"@type":"SearchAction","target":{"@type":"EntryPoint","urlTemplate":"https:\/\/moellhagen.de\/en\/?s={search_term_string}"},"query-input":{"@type":"PropertyValueSpecification","valueRequired":true,"valueName":"search_term_string"}}],"inLanguage":"da-DK"},{"@type":"Organization","@id":"https:\/\/moellhagen.de\/en\/#organization","name":"Nyd, bev\u00e6g dig, slap af! - Landhotel M\u00f6llhagen","url":"https:\/\/moellhagen.de\/en\/","logo":{"@type":"ImageObject","inLanguage":"da-DK","@id":"https:\/\/moellhagen.de\/en\/#\/schema\/logo\/image\/","url":"https:\/\/moellhagen.de\/wp-content\/uploads\/2023\/04\/cropped-favicon.png","contentUrl":"https:\/\/moellhagen.de\/wp-content\/uploads\/2023\/04\/cropped-favicon.png","width":512,"height":512,"caption":"Genie\u00dfen, Bewegen, Entspannen! - Landhotel M\u00f6llhagen"},"image":{"@id":"https:\/\/moellhagen.de\/en\/#\/schema\/logo\/image\/"}}]}},"_links":{"self":[{"href":"https:\/\/moellhagen.de\/da\/wp-json\/wp\/v2\/pages\/15987","targetHints":{"allow":["GET"]}}],"collection":[{"href":"https:\/\/moellhagen.de\/da\/wp-json\/wp\/v2\/pages"}],"about":[{"href":"https:\/\/moellhagen.de\/da\/wp-json\/wp\/v2\/types\/page"}],"author":[{"embeddable":true,"href":"https:\/\/moellhagen.de\/da\/wp-json\/wp\/v2\/users\/1"}],"replies":[{"embeddable":true,"href":"https:\/\/moellhagen.de\/da\/wp-json\/wp\/v2\/comments?post=15987"}],"version-history":[{"count":5,"href":"https:\/\/moellhagen.de\/da\/wp-json\/wp\/v2\/pages\/15987\/revisions"}],"predecessor-version":[{"id":16334,"href":"https:\/\/moellhagen.de\/da\/wp-json\/wp\/v2\/pages\/15987\/revisions\/16334"}],"wp:featuredmedia":[{"embeddable":true,"href":"https:\/\/moellhagen.de\/da\/wp-json\/wp\/v2\/media\/15933"}],"wp:attachment":[{"href":"https:\/\/moellhagen.de\/da\/wp-json\/wp\/v2\/media?parent=15987"}],"curies":[{"name":"wp","href":"https:\/\/api.w.org\/{rel}","templated":true}]}}